{"id":955,"date":"2018-11-02T10:21:28","date_gmt":"2018-11-02T14:21:28","guid":{"rendered":"http:\/\/dev.nicolasmarkou.com\/?page_id=955"},"modified":"2018-11-02T10:21:28","modified_gmt":"2018-11-02T14:21:28","slug":"plan-du-site","status":"publish","type":"page","link":"https:\/\/www.nicolasmarkou.com\/fr\/plan-du-site\/","title":{"rendered":"Plan du site"},"content":{"rendered":"<div class=\"fusion-fullwidth fullwidth-box fusion-builder-row-1 nonhundred-percent-fullwidth non-hundred-percent-height-scrolling\" style=\"--awb-background-position:left top;--awb-border-radius-top-left:0px;--awb-border-radius-top-right:0px;--awb-border-radius-bottom-right:0px;--awb-border-radius-bottom-left:0px;--awb-padding-top:50px;--awb-padding-bottom:150px;--awb-border-sizes-top:0px;--awb-border-sizes-bottom:0px;--awb-flex-wrap:wrap;\" ><div class=\"fusion-builder-row fusion-row\"><div class=\"fusion-layout-column fusion_builder_column fusion-builder-column-0 fusion_builder_column_1_1 1_1 fusion-one-full fusion-column-first fusion-column-last\" style=\"--awb-bg-size:cover;\"><div class=\"fusion-column-wrapper fusion-flex-column-wrapper-legacy\"><div class=\"fusion-text fusion-text-1\"><h3>Plan du site<\/h3>\n<\/div><div class=\"fusion-sep-clear\"><\/div><div class=\"fusion-separator fusion-clearfix\" style=\"float:left;margin-top:0px;margin-bottom:35px;width:100%;max-width:170px;\"><\/div><div class=\"fusion-sep-clear\"><\/div><div class=\"list_sitemap\" style=\"flex-direction: row; flex-wrap: wrap; display: flex; justify-content: space-around; align-self: flex-start;\">\n<div style=\"flex-basis: 50%;\">\n\n<div class=\"wsp-container\"><h2 class=\"wsp-pages-title\">Pages<\/h2>\n<ul class=\"wsp-pages-list\">\n<li class=\"page_item page-item-1023\"><a href=\"https:\/\/www.nicolasmarkou.com\/fr\/a-propos-2\/\">\u00c0 propos<\/a><\/li>\n<li class=\"page_item page-item-947\"><a href=\"https:\/\/www.nicolasmarkou.com\/fr\/a-propos\/\">\u00c0 propos<\/a><\/li>\n<li class=\"page_item page-item-918\"><a href=\"https:\/\/www.nicolasmarkou.com\/fr\/\">Accueil<\/a><\/li>\n<li class=\"page_item page-item-999\"><a href=\"https:\/\/www.nicolasmarkou.com\/fr\/agencies\/\">Agencies<\/a><\/li>\n<li class=\"page_item page-item-1001\"><a href=\"https:\/\/www.nicolasmarkou.com\/fr\/agent\/\">Agent<\/a><\/li>\n<li class=\"page_item page-item-998\"><a href=\"https:\/\/www.nicolasmarkou.com\/fr\/agents\/\">Agents<\/a><\/li>\n<li class=\"page_item page-item-1308\"><a href=\"https:\/\/www.nicolasmarkou.com\/fr\/ajouter-annonces\/\">Ajouter Annonces<\/a><\/li>\n<li class=\"page_item page-item-1008\"><a href=\"https:\/\/www.nicolasmarkou.com\/fr\/commerces-a-vendre\/\">Commerces \u00e0 vendre<\/a><\/li>\n<li class=\"page_item page-item-925\"><a href=\"https:\/\/www.nicolasmarkou.com\/fr\/commercial\/\">Commercial<\/a><\/li>\n<li class=\"page_item page-item-1000\"><a href=\"https:\/\/www.nicolasmarkou.com\/fr\/compare-listings\/\">Compare Listings<\/a><\/li>\n<li class=\"page_item page-item-937\"><a href=\"https:\/\/www.nicolasmarkou.com\/fr\/contact\/\">Contact<\/a><\/li>\n<li class=\"page_item page-item-997\"><a href=\"https:\/\/www.nicolasmarkou.com\/fr\/listings\/\">Listings<\/a><\/li>\n<li class=\"page_item page-item-1033\"><a href=\"https:\/\/www.nicolasmarkou.com\/fr\/mon-compte\/\">Mon compte<\/a><\/li>\n<li class=\"page_item page-item-1005\"><a href=\"https:\/\/www.nicolasmarkou.com\/fr\/my-account\/\">My Account<\/a><\/li>\n<li class=\"page_item page-item-1004 page_item_has_children\"><a href=\"https:\/\/www.nicolasmarkou.com\/fr\/my-listings\/\">My Listings<\/a>\n<ul class='children'>\n\t<li class=\"page_item page-item-1440\"><a href=\"https:\/\/www.nicolasmarkou.com\/fr\/my-listings\/details-propriete\/\">D\u00e9tails de propri\u00e9t\u00e9<\/a><\/li>\n<\/ul>\n<\/li>\n<li class=\"page_item page-item-1003\"><a href=\"https:\/\/www.nicolasmarkou.com\/fr\/packages\/\">Packages<\/a><\/li>\n<li class=\"page_item page-item-955\"><a href=\"https:\/\/www.nicolasmarkou.com\/fr\/plan-du-site\/\">Plan du site<\/a><\/li>\n<li class=\"page_item page-item-1098\"><a href=\"https:\/\/www.nicolasmarkou.com\/fr\/poster-une-annonce\/\">Poster une annonce<\/a><\/li>\n<li class=\"page_item page-item-1134\"><a href=\"https:\/\/www.nicolasmarkou.com\/fr\/proprietes\/\">Propri\u00e9t\u00e9s<\/a><\/li>\n<li class=\"page_item page-item-1120\"><a href=\"https:\/\/www.nicolasmarkou.com\/fr\/recherche\/\">Recherche<\/a><\/li>\n<li class=\"page_item page-item-1316\"><a href=\"https:\/\/www.nicolasmarkou.com\/fr\/recherche-2\/\">Recherche<\/a><\/li>\n<li class=\"page_item page-item-933\"><a href=\"https:\/\/www.nicolasmarkou.com\/fr\/residentiel\/\">R\u00e9sidentiel<\/a><\/li>\n<li class=\"page_item page-item-929\"><a href=\"https:\/\/www.nicolasmarkou.com\/fr\/restaurants\/\">Restaurants<\/a><\/li>\n<li class=\"page_item page-item-922\"><a href=\"https:\/\/www.nicolasmarkou.com\/fr\/services\/\">Services<\/a><\/li>\n<li class=\"page_item page-item-1006\"><a href=\"https:\/\/www.nicolasmarkou.com\/fr\/shortlisted-listings\/\">Shortlisted Listings<\/a><\/li>\n<li class=\"page_item page-item-941\"><a href=\"https:\/\/www.nicolasmarkou.com\/fr\/videos\/\">Vid\u00e9os<\/a><\/li>\n<\/ul>\n<\/div>\n\n<\/div>\n<div style=\"flex-basis: 50%;\">\n\n<div class=\"wsp-container\"><\/div>\n\n<\/div>\n<\/div><div class=\"fusion-clearfix\"><\/div><\/div><\/div><\/div><\/div>\n","protected":false},"excerpt":{"rendered":"","protected":false},"author":1,"featured_media":0,"parent":0,"menu_order":0,"comment_status":"closed","ping_status":"closed","template":"100-width.php","meta":{"footnotes":""},"class_list":["post-955","page","type-page","status-publish","hentry"],"yoast_head":"<!-- This site is optimized with the Yoast SEO plugin v26.3 - https:\/\/yoast.com\/wordpress\/plugins\/seo\/ -->\n<title>Plan du site - Nicolas Markou<\/title>\n<meta name=\"robots\" content=\"index, follow, max-snippet:-1, max-image-preview:large, max-video-preview:-1\" \/>\n<link rel=\"canonical\" href=\"https:\/\/www.nicolasmarkou.com\/fr\/plan-du-site\/\" \/>\n<meta property=\"og:locale\" content=\"fr_FR\" \/>\n<meta property=\"og:type\" content=\"article\" \/>\n<meta property=\"og:title\" content=\"Plan du site - Nicolas Markou\" \/>\n<meta property=\"og:url\" content=\"https:\/\/www.nicolasmarkou.com\/fr\/plan-du-site\/\" \/>\n<meta property=\"og:site_name\" content=\"Nicolas Markou\" \/>\n<meta name=\"twitter:card\" content=\"summary_large_image\" \/>\n<meta name=\"twitter:label1\" content=\"Dur\u00e9e de lecture estim\u00e9e\" \/>\n\t<meta name=\"twitter:data1\" content=\"1 minute\" \/>\n<script type=\"application\/ld+json\" class=\"yoast-schema-graph\">{\"@context\":\"https:\/\/schema.org\",\"@graph\":[{\"@type\":\"WebPage\",\"@id\":\"https:\/\/www.nicolasmarkou.com\/fr\/plan-du-site\/\",\"url\":\"https:\/\/www.nicolasmarkou.com\/fr\/plan-du-site\/\",\"name\":\"Plan du site - Nicolas Markou\",\"isPartOf\":{\"@id\":\"https:\/\/www.nicolasmarkou.com\/#website\"},\"datePublished\":\"2018-11-02T14:21:28+00:00\",\"breadcrumb\":{\"@id\":\"https:\/\/www.nicolasmarkou.com\/fr\/plan-du-site\/#breadcrumb\"},\"inLanguage\":\"fr-FR\",\"potentialAction\":[{\"@type\":\"ReadAction\",\"target\":[\"https:\/\/www.nicolasmarkou.com\/fr\/plan-du-site\/\"]}]},{\"@type\":\"BreadcrumbList\",\"@id\":\"https:\/\/www.nicolasmarkou.com\/fr\/plan-du-site\/#breadcrumb\",\"itemListElement\":[{\"@type\":\"ListItem\",\"position\":1,\"name\":\"Home\",\"item\":\"https:\/\/www.nicolasmarkou.com\/fr\/\"},{\"@type\":\"ListItem\",\"position\":2,\"name\":\"Plan du site\"}]},{\"@type\":\"WebSite\",\"@id\":\"https:\/\/www.nicolasmarkou.com\/#website\",\"url\":\"https:\/\/www.nicolasmarkou.com\/\",\"name\":\"Nicolas Markou\",\"description\":\"Tailored Real Estate\",\"potentialAction\":[{\"@type\":\"SearchAction\",\"target\":{\"@type\":\"EntryPoint\",\"urlTemplate\":\"https:\/\/www.nicolasmarkou.com\/?s={search_term_string}\"},\"query-input\":{\"@type\":\"PropertyValueSpecification\",\"valueRequired\":true,\"valueName\":\"search_term_string\"}}],\"inLanguage\":\"fr-FR\"}]}<\/script>\n<!-- \/ Yoast SEO plugin. -->","yoast_head_json":{"title":"Plan du site - Nicolas Markou","robots":{"index":"index","follow":"follow","max-snippet":"max-snippet:-1","max-image-preview":"max-image-preview:large","max-video-preview":"max-video-preview:-1"},"canonical":"https:\/\/www.nicolasmarkou.com\/fr\/plan-du-site\/","og_locale":"fr_FR","og_type":"article","og_title":"Plan du site - Nicolas Markou","og_url":"https:\/\/www.nicolasmarkou.com\/fr\/plan-du-site\/","og_site_name":"Nicolas Markou","twitter_card":"summary_large_image","twitter_misc":{"Dur\u00e9e de lecture estim\u00e9e":"1 minute"},"schema":{"@context":"https:\/\/schema.org","@graph":[{"@type":"WebPage","@id":"https:\/\/www.nicolasmarkou.com\/fr\/plan-du-site\/","url":"https:\/\/www.nicolasmarkou.com\/fr\/plan-du-site\/","name":"Plan du site - Nicolas Markou","isPartOf":{"@id":"https:\/\/www.nicolasmarkou.com\/#website"},"datePublished":"2018-11-02T14:21:28+00:00","breadcrumb":{"@id":"https:\/\/www.nicolasmarkou.com\/fr\/plan-du-site\/#breadcrumb"},"inLanguage":"fr-FR","potentialAction":[{"@type":"ReadAction","target":["https:\/\/www.nicolasmarkou.com\/fr\/plan-du-site\/"]}]},{"@type":"BreadcrumbList","@id":"https:\/\/www.nicolasmarkou.com\/fr\/plan-du-site\/#breadcrumb","itemListElement":[{"@type":"ListItem","position":1,"name":"Home","item":"https:\/\/www.nicolasmarkou.com\/fr\/"},{"@type":"ListItem","position":2,"name":"Plan du site"}]},{"@type":"WebSite","@id":"https:\/\/www.nicolasmarkou.com\/#website","url":"https:\/\/www.nicolasmarkou.com\/","name":"Nicolas Markou","description":"Tailored Real Estate","potentialAction":[{"@type":"SearchAction","target":{"@type":"EntryPoint","urlTemplate":"https:\/\/www.nicolasmarkou.com\/?s={search_term_string}"},"query-input":{"@type":"PropertyValueSpecification","valueRequired":true,"valueName":"search_term_string"}}],"inLanguage":"fr-FR"}]}},"_links":{"self":[{"href":"https:\/\/www.nicolasmarkou.com\/fr\/wp-json\/wp\/v2\/pages\/955","targetHints":{"allow":["GET"]}}],"collection":[{"href":"https:\/\/www.nicolasmarkou.com\/fr\/wp-json\/wp\/v2\/pages"}],"about":[{"href":"https:\/\/www.nicolasmarkou.com\/fr\/wp-json\/wp\/v2\/types\/page"}],"author":[{"embeddable":true,"href":"https:\/\/www.nicolasmarkou.com\/fr\/wp-json\/wp\/v2\/users\/1"}],"replies":[{"embeddable":true,"href":"https:\/\/www.nicolasmarkou.com\/fr\/wp-json\/wp\/v2\/comments?post=955"}],"version-history":[{"count":0,"href":"https:\/\/www.nicolasmarkou.com\/fr\/wp-json\/wp\/v2\/pages\/955\/revisions"}],"wp:attachment":[{"href":"https:\/\/www.nicolasmarkou.com\/fr\/wp-json\/wp\/v2\/media?parent=955"}],"curies":[{"name":"wp","href":"https:\/\/api.w.org\/{rel}","templated":true}]}}