{"id":925,"date":"2018-11-02T09:41:32","date_gmt":"2018-11-02T13:41:32","guid":{"rendered":"http:\/\/dev.nicolasmarkou.com\/?page_id=925"},"modified":"2018-11-02T10:28:30","modified_gmt":"2018-11-02T14:28:30","slug":"commercial","status":"publish","type":"page","link":"https:\/\/www.nicolasmarkou.com\/fr\/commercial\/","title":{"rendered":"Commercial"},"content":{"rendered":"<div class=\"fusion-bg-parallax\" data-bg-align=\"left top\" data-direction=\"up\" data-mute=\"false\" data-opacity=\"100\" data-velocity=\"-0.3\" data-mobile-enabled=\"false\" data-break_parents=\"0\" data-bg-image=\"http:\/\/nicolasmarkou.com\/wp-content\/uploads\/2015\/02\/home-services-banner-commercial-2.jpg\" data-bg-repeat=\"false\" ><\/div><div class=\"fusion-fullwidth fullwidth-box fusion-builder-row-1 fusion-parallax-up nonhundred-percent-fullwidth non-hundred-percent-height-scrolling\" style=\"--awb-background-position:left top;--awb-border-radius-top-left:0px;--awb-border-radius-top-right:0px;--awb-border-radius-bottom-right:0px;--awb-border-radius-bottom-left:0px;--awb-padding-top:130px;--awb-padding-bottom:40px;--awb-background-image:url(&quot;http:\/\/nicolasmarkou.com\/wp-content\/uploads\/2015\/02\/home-services-banner-commercial-2.jpg&quot;);--awb-background-size:cover;--awb-border-sizes-top:0px;--awb-border-sizes-bottom:0px;--awb-flex-wrap:wrap;\" ><div class=\"fusion-builder-row fusion-row\"><div class=\"fusion-layout-column fusion_builder_column fusion-builder-column-0 fusion_builder_column_1_2 1_2 fusion-one-half fusion-column-first\" style=\"--awb-bg-size:cover;width:48%; margin-right: 4%;\"><div class=\"fusion-column-wrapper fusion-flex-column-wrapper-legacy\"><div class=\"fusion-text fusion-text-1\"><h2><span style=\"color: #ffffff;\">COMMERCIAL<\/span><\/h2>\n<p><span style=\"color: #ffffff;\">Si vous cherchez \u00e0 acheter, vendre ou \u00e0 investir dans un grand immeuble multi-r\u00e9sidentiel ou dans un immeuble commercial, vous \u00eates au bon endroit, nous avons les connaissances et l&rsquo;exp\u00e9rience pour vous assurer de gagner de l&rsquo;argent! Nous travaillons en permanence avec de nombreux investisseurs impliqu\u00e9s dans la vente et l\u2019achat de grands immeubles de placement et nous sommes impatients de travailler avec vous<\/span><\/p>\n<\/div><div class=\"fusion-sep-clear\"><\/div><div class=\"fusion-separator fusion-full-width-sep\" style=\"margin-left: auto;margin-right: auto;margin-top:20px;width:100%;\"><\/div><div class=\"fusion-sep-clear\"><\/div><div class=\"fusion-button-wrapper\"><a class=\"fusion-button button-flat button-xlarge button-default fusion-button-default button-1 fusion-button-default-span fusion-button-default-type button-service\" target=\"_self\" href=\"\/fr\/?p=937\"><span class=\"fusion-button-text awb-button__text awb-button__text--default\">CONTACTEZ-MOI<\/span><\/a><\/div><div class=\"fusion-clearfix\"><\/div><\/div><\/div><div class=\"fusion-layout-column fusion_builder_column fusion-builder-column-1 fusion_builder_column_1_2 1_2 fusion-one-half fusion-column-last\" style=\"--awb-bg-size:cover;width:48%;\"><div class=\"fusion-column-wrapper fusion-flex-column-wrapper-legacy\"><div class=\"fusion-clearfix\"><\/div><\/div><\/div><\/div><\/div>\n","protected":false},"excerpt":{"rendered":"","protected":false},"author":1,"featured_media":0,"parent":0,"menu_order":0,"comment_status":"closed","ping_status":"closed","template":"100-width.php","meta":{"footnotes":""},"class_list":["post-925","page","type-page","status-publish","hentry"],"yoast_head":"<!-- This site is optimized with the Yoast SEO plugin v26.3 - https:\/\/yoast.com\/wordpress\/plugins\/seo\/ -->\n<title>Commercial - Nicolas Markou<\/title>\n<meta name=\"robots\" content=\"index, follow, max-snippet:-1, max-image-preview:large, max-video-preview:-1\" \/>\n<link rel=\"canonical\" href=\"https:\/\/www.nicolasmarkou.com\/fr\/commercial\/\" \/>\n<meta property=\"og:locale\" content=\"fr_FR\" \/>\n<meta property=\"og:type\" content=\"article\" \/>\n<meta property=\"og:title\" content=\"Commercial - Nicolas Markou\" \/>\n<meta property=\"og:url\" content=\"https:\/\/www.nicolasmarkou.com\/fr\/commercial\/\" \/>\n<meta property=\"og:site_name\" content=\"Nicolas Markou\" \/>\n<meta property=\"article:modified_time\" content=\"2018-11-02T14:28:30+00:00\" \/>\n<meta name=\"twitter:card\" content=\"summary_large_image\" \/>\n<meta name=\"twitter:label1\" content=\"Dur\u00e9e de lecture estim\u00e9e\" \/>\n\t<meta name=\"twitter:data1\" content=\"2 minutes\" \/>\n<script type=\"application\/ld+json\" class=\"yoast-schema-graph\">{\"@context\":\"https:\/\/schema.org\",\"@graph\":[{\"@type\":\"WebPage\",\"@id\":\"https:\/\/www.nicolasmarkou.com\/fr\/commercial\/\",\"url\":\"https:\/\/www.nicolasmarkou.com\/fr\/commercial\/\",\"name\":\"Commercial - Nicolas Markou\",\"isPartOf\":{\"@id\":\"https:\/\/www.nicolasmarkou.com\/#website\"},\"datePublished\":\"2018-11-02T13:41:32+00:00\",\"dateModified\":\"2018-11-02T14:28:30+00:00\",\"breadcrumb\":{\"@id\":\"https:\/\/www.nicolasmarkou.com\/fr\/commercial\/#breadcrumb\"},\"inLanguage\":\"fr-FR\",\"potentialAction\":[{\"@type\":\"ReadAction\",\"target\":[\"https:\/\/www.nicolasmarkou.com\/fr\/commercial\/\"]}]},{\"@type\":\"BreadcrumbList\",\"@id\":\"https:\/\/www.nicolasmarkou.com\/fr\/commercial\/#breadcrumb\",\"itemListElement\":[{\"@type\":\"ListItem\",\"position\":1,\"name\":\"Home\",\"item\":\"https:\/\/www.nicolasmarkou.com\/fr\/\"},{\"@type\":\"ListItem\",\"position\":2,\"name\":\"Commercial\"}]},{\"@type\":\"WebSite\",\"@id\":\"https:\/\/www.nicolasmarkou.com\/#website\",\"url\":\"https:\/\/www.nicolasmarkou.com\/\",\"name\":\"Nicolas Markou\",\"description\":\"Tailored Real Estate\",\"potentialAction\":[{\"@type\":\"SearchAction\",\"target\":{\"@type\":\"EntryPoint\",\"urlTemplate\":\"https:\/\/www.nicolasmarkou.com\/?s={search_term_string}\"},\"query-input\":{\"@type\":\"PropertyValueSpecification\",\"valueRequired\":true,\"valueName\":\"search_term_string\"}}],\"inLanguage\":\"fr-FR\"}]}<\/script>\n<!-- \/ Yoast SEO plugin. -->","yoast_head_json":{"title":"Commercial - Nicolas Markou","robots":{"index":"index","follow":"follow","max-snippet":"max-snippet:-1","max-image-preview":"max-image-preview:large","max-video-preview":"max-video-preview:-1"},"canonical":"https:\/\/www.nicolasmarkou.com\/fr\/commercial\/","og_locale":"fr_FR","og_type":"article","og_title":"Commercial - Nicolas Markou","og_url":"https:\/\/www.nicolasmarkou.com\/fr\/commercial\/","og_site_name":"Nicolas Markou","article_modified_time":"2018-11-02T14:28:30+00:00","twitter_card":"summary_large_image","twitter_misc":{"Dur\u00e9e de lecture estim\u00e9e":"2 minutes"},"schema":{"@context":"https:\/\/schema.org","@graph":[{"@type":"WebPage","@id":"https:\/\/www.nicolasmarkou.com\/fr\/commercial\/","url":"https:\/\/www.nicolasmarkou.com\/fr\/commercial\/","name":"Commercial - Nicolas Markou","isPartOf":{"@id":"https:\/\/www.nicolasmarkou.com\/#website"},"datePublished":"2018-11-02T13:41:32+00:00","dateModified":"2018-11-02T14:28:30+00:00","breadcrumb":{"@id":"https:\/\/www.nicolasmarkou.com\/fr\/commercial\/#breadcrumb"},"inLanguage":"fr-FR","potentialAction":[{"@type":"ReadAction","target":["https:\/\/www.nicolasmarkou.com\/fr\/commercial\/"]}]},{"@type":"BreadcrumbList","@id":"https:\/\/www.nicolasmarkou.com\/fr\/commercial\/#breadcrumb","itemListElement":[{"@type":"ListItem","position":1,"name":"Home","item":"https:\/\/www.nicolasmarkou.com\/fr\/"},{"@type":"ListItem","position":2,"name":"Commercial"}]},{"@type":"WebSite","@id":"https:\/\/www.nicolasmarkou.com\/#website","url":"https:\/\/www.nicolasmarkou.com\/","name":"Nicolas Markou","description":"Tailored Real Estate","potentialAction":[{"@type":"SearchAction","target":{"@type":"EntryPoint","urlTemplate":"https:\/\/www.nicolasmarkou.com\/?s={search_term_string}"},"query-input":{"@type":"PropertyValueSpecification","valueRequired":true,"valueName":"search_term_string"}}],"inLanguage":"fr-FR"}]}},"_links":{"self":[{"href":"https:\/\/www.nicolasmarkou.com\/fr\/wp-json\/wp\/v2\/pages\/925","targetHints":{"allow":["GET"]}}],"collection":[{"href":"https:\/\/www.nicolasmarkou.com\/fr\/wp-json\/wp\/v2\/pages"}],"about":[{"href":"https:\/\/www.nicolasmarkou.com\/fr\/wp-json\/wp\/v2\/types\/page"}],"author":[{"embeddable":true,"href":"https:\/\/www.nicolasmarkou.com\/fr\/wp-json\/wp\/v2\/users\/1"}],"replies":[{"embeddable":true,"href":"https:\/\/www.nicolasmarkou.com\/fr\/wp-json\/wp\/v2\/comments?post=925"}],"version-history":[{"count":0,"href":"https:\/\/www.nicolasmarkou.com\/fr\/wp-json\/wp\/v2\/pages\/925\/revisions"}],"wp:attachment":[{"href":"https:\/\/www.nicolasmarkou.com\/fr\/wp-json\/wp\/v2\/media?parent=925"}],"curies":[{"name":"wp","href":"https:\/\/api.w.org\/{rel}","templated":true}]}}