{"id":1023,"date":"2018-11-20T22:35:54","date_gmt":"2018-11-21T03:35:54","guid":{"rendered":"http:\/\/dev.nicolasmarkou.com\/?page_id=1023"},"modified":"2018-11-20T22:35:54","modified_gmt":"2018-11-21T03:35:54","slug":"a-propos-2","status":"publish","type":"page","link":"https:\/\/www.nicolasmarkou.com\/fr\/a-propos-2\/","title":{"rendered":"\u00c0 propos"},"content":{"rendered":"<div class=\"fusion-fullwidth fullwidth-box fusion-builder-row-1 nonhundred-percent-fullwidth non-hundred-percent-height-scrolling\" style=\"--awb-background-position:left top;--awb-border-radius-top-left:0px;--awb-border-radius-top-right:0px;--awb-border-radius-bottom-right:0px;--awb-border-radius-bottom-left:0px;--awb-padding-top:150px;--awb-padding-bottom:40px;--awb-border-sizes-top:0px;--awb-border-sizes-bottom:0px;--awb-flex-wrap:wrap;\" ><div class=\"fusion-builder-row fusion-row\"><div class=\"fusion-layout-column fusion_builder_column fusion-builder-column-0 fusion_builder_column_1_2 1_2 fusion-one-half fusion-column-first\" style=\"--awb-bg-size:cover;width:48%; margin-right: 4%;\"><div class=\"fusion-column-wrapper fusion-flex-column-wrapper-legacy\"><div class=\"fusion-sep-clear\"><\/div><div class=\"fusion-separator fusion-clearfix\" style=\"float:left;margin-top:0px;margin-bottom:35px;width:100%;max-width:170px;\"><div class=\"fusion-separator-border sep-single sep-solid\" style=\"--awb-height:20px;--awb-amount:20px;--awb-sep-color:#e2e3e8;border-color:#e2e3e8;border-top-width:3px;\"><\/div><\/div><div class=\"fusion-sep-clear\"><\/div><div class=\"fusion-text fusion-text-1\"><h3><em>BIENVENUE SUR MON SITE WEB ! Merci d&rsquo;\u00eatre pass\u00e9, vous \u00eates vraiment au bon endroit.<\/em><\/h3>\n<\/div><div class=\"fusion-sep-clear\"><\/div><div class=\"fusion-separator fusion-clearfix\" style=\"float:left;margin-top:0px;margin-bottom:35px;width:100%;max-width:170px;\"><\/div><div class=\"fusion-sep-clear\"><\/div><div class=\"fusion-text fusion-text-2\"><p>Ce qui suit sera une br\u00e8ve description de moi-m\u00eame et de mon cheminement vers l&rsquo;endroit o\u00f9 je suis aujourd&rsquo;hui.<\/p>\n<p>En mati\u00e8re immobili\u00e8re, il y a peu de choses que je n&rsquo;ai pas faites. J&rsquo;ai poss\u00e9d\u00e9 de nombreuses propri\u00e9t\u00e9s tant r\u00e9sidentielles que commerciales, j&rsquo;ai particip\u00e9 \u00e0 de nombreux projets de r\u00e9novation de petite et grande envergure, j&rsquo;ai eu des mandats en gestion de propri\u00e9t\u00e9, j&rsquo;ai r\u00e9alis\u00e9 plusieurs \u00ab\u00a0flips\u00a0\u00bb r\u00e9ussis et je suis un courtier immobilier r\u00e9sidentiel et commercial. Toutes ces exp\u00e9riences m&rsquo;ont donn\u00e9 les outils n\u00e9cessaires pour conseiller et guider correctement les clients dans leurs projets.<\/p>\n<p>Avant de devenir courtier immobilier, je travaillais dans le secteur de la restauration. J&rsquo;ai grandi dans cet environnement, tout comme ma famille. Je me concentre maintenant principalement sur le secteur de la restauration lorsqu&rsquo;il s&rsquo;agit de vendre des entreprises, ce qui est tout \u00e0 fait unique, car peu de courtiers ont l&rsquo;exp\u00e9rience n\u00e9cessaire pour assumer de tels mandats.<\/p>\n<p>Je crois que ce qui me rend vraiment unique est l&rsquo;exp\u00e9rience que j&rsquo;ai acquise \u00e0 un si jeune \u00e2ge et les connaissances que je continue \u00e0 acqu\u00e9rir.<\/p>\n<p>En conclusion, que vous cherchiez \u00e0 acheter ou \u00e0 vendre une maison, investir dans un immeuble r\u00e9sidentiel ou commercial, si vous recherchez un projet immobilier ou si vous souhaitez simplement des informations sur tout ce qui concerne l&rsquo;immobilier, n&rsquo;h\u00e9sitez pas \u00e0 me contacter \u00e0 tout moment. Aussi, si vous envisagez de vous lancer dans la restauration ou si vous souhaitez vendre un restaurant, vous \u00eates au bon endroit.<\/p>\n<p>A bient\u00f4t, j&rsquo;esp\u00e8re,<\/p>\n<p>Cordialement,<\/p>\n<\/div><div class=\"fusion-clearfix\"><\/div><\/div><\/div><div class=\"fusion-layout-column fusion_builder_column fusion-builder-column-1 fusion_builder_column_1_2 1_2 fusion-one-half fusion-column-last\" style=\"--awb-bg-size:cover;width:48%;\"><div class=\"fusion-column-wrapper fusion-flex-column-wrapper-legacy\"><div class=\"fusion-image-element fusion-image-align-center in-legacy-container\" style=\"text-align:center;--awb-caption-title-font-family:var(--h2_typography-font-family);--awb-caption-title-font-weight:var(--h2_typography-font-weight);--awb-caption-title-font-style:var(--h2_typography-font-style);--awb-caption-title-size:var(--h2_typography-font-size);--awb-caption-title-transform:var(--h2_typography-text-transform);--awb-caption-title-line-height:var(--h2_typography-line-height);--awb-caption-title-letter-spacing:var(--h2_typography-letter-spacing);\"><div class=\"imageframe-align-center\"><span class=\" fusion-imageframe imageframe-none imageframe-1 hover-type-zoomin fusion-animated\" data-animationType=\"fadeInDown\" data-animationDuration=\"1.0\" data-animationOffset=\"top-into-view\"><a href=\"http:\/\/nicolasmarkou.com\/wp-content\/uploads\/2018\/10\/home-nick.jpg\" class=\"fusion-lightbox\" data-rel=\"iLightbox[191bd91862e468530bc]\" data-title=\"home-nick\" title=\"home-nick\"><img decoding=\"async\" width=\"356\" height=\"534\" src=\"http:\/\/nicolasmarkou.com\/wp-content\/uploads\/2018\/10\/home-nick.jpg\" alt class=\"img-responsive wp-image-794\" srcset=\"https:\/\/www.nicolasmarkou.com\/wp-content\/uploads\/2018\/10\/home-nick-200x300.jpg 200w, https:\/\/www.nicolasmarkou.com\/wp-content\/uploads\/2018\/10\/home-nick.jpg 356w\" sizes=\"(max-width: 800px) 100vw, 356px\" \/><\/a><\/span><\/div><\/div><div class=\"fusion-sep-clear\"><\/div><div class=\"fusion-separator fusion-full-width-sep\" style=\"margin-left: auto;margin-right: auto;margin-top:40px;width:100%;\"><\/div><div class=\"fusion-sep-clear\"><\/div><div class=\"fusion-clearfix\"><\/div><\/div><\/div><\/div><\/div>\n","protected":false},"excerpt":{"rendered":"","protected":false},"author":1,"featured_media":0,"parent":0,"menu_order":0,"comment_status":"closed","ping_status":"open","template":"","meta":{"footnotes":""},"class_list":["post-1023","page","type-page","status-publish","hentry"],"yoast_head":"<!-- This site is optimized with the Yoast SEO plugin v26.3 - https:\/\/yoast.com\/wordpress\/plugins\/seo\/ -->\n<title>\u00c0 propos - Nicolas Markou<\/title>\n<meta name=\"robots\" content=\"index, follow, max-snippet:-1, max-image-preview:large, max-video-preview:-1\" \/>\n<link rel=\"canonical\" href=\"https:\/\/www.nicolasmarkou.com\/fr\/a-propos-2\/\" \/>\n<meta property=\"og:locale\" content=\"fr_FR\" \/>\n<meta property=\"og:type\" content=\"article\" \/>\n<meta property=\"og:title\" content=\"\u00c0 propos - Nicolas Markou\" \/>\n<meta property=\"og:url\" content=\"https:\/\/www.nicolasmarkou.com\/fr\/a-propos-2\/\" \/>\n<meta property=\"og:site_name\" content=\"Nicolas Markou\" \/>\n<meta name=\"twitter:card\" content=\"summary_large_image\" \/>\n<meta name=\"twitter:label1\" content=\"Dur\u00e9e de lecture estim\u00e9e\" \/>\n\t<meta name=\"twitter:data1\" content=\"3 minutes\" \/>\n<script type=\"application\/ld+json\" class=\"yoast-schema-graph\">{\"@context\":\"https:\/\/schema.org\",\"@graph\":[{\"@type\":\"WebPage\",\"@id\":\"https:\/\/www.nicolasmarkou.com\/fr\/a-propos-2\/\",\"url\":\"https:\/\/www.nicolasmarkou.com\/fr\/a-propos-2\/\",\"name\":\"\u00c0 propos - Nicolas Markou\",\"isPartOf\":{\"@id\":\"https:\/\/www.nicolasmarkou.com\/#website\"},\"datePublished\":\"2018-11-21T03:35:54+00:00\",\"breadcrumb\":{\"@id\":\"https:\/\/www.nicolasmarkou.com\/fr\/a-propos-2\/#breadcrumb\"},\"inLanguage\":\"fr-FR\",\"potentialAction\":[{\"@type\":\"ReadAction\",\"target\":[\"https:\/\/www.nicolasmarkou.com\/fr\/a-propos-2\/\"]}]},{\"@type\":\"BreadcrumbList\",\"@id\":\"https:\/\/www.nicolasmarkou.com\/fr\/a-propos-2\/#breadcrumb\",\"itemListElement\":[{\"@type\":\"ListItem\",\"position\":1,\"name\":\"Home\",\"item\":\"https:\/\/www.nicolasmarkou.com\/fr\/\"},{\"@type\":\"ListItem\",\"position\":2,\"name\":\"\u00c0 propos\"}]},{\"@type\":\"WebSite\",\"@id\":\"https:\/\/www.nicolasmarkou.com\/#website\",\"url\":\"https:\/\/www.nicolasmarkou.com\/\",\"name\":\"Nicolas Markou\",\"description\":\"Tailored Real Estate\",\"potentialAction\":[{\"@type\":\"SearchAction\",\"target\":{\"@type\":\"EntryPoint\",\"urlTemplate\":\"https:\/\/www.nicolasmarkou.com\/?s={search_term_string}\"},\"query-input\":{\"@type\":\"PropertyValueSpecification\",\"valueRequired\":true,\"valueName\":\"search_term_string\"}}],\"inLanguage\":\"fr-FR\"}]}<\/script>\n<!-- \/ Yoast SEO plugin. -->","yoast_head_json":{"title":"\u00c0 propos - Nicolas Markou","robots":{"index":"index","follow":"follow","max-snippet":"max-snippet:-1","max-image-preview":"max-image-preview:large","max-video-preview":"max-video-preview:-1"},"canonical":"https:\/\/www.nicolasmarkou.com\/fr\/a-propos-2\/","og_locale":"fr_FR","og_type":"article","og_title":"\u00c0 propos - Nicolas Markou","og_url":"https:\/\/www.nicolasmarkou.com\/fr\/a-propos-2\/","og_site_name":"Nicolas Markou","twitter_card":"summary_large_image","twitter_misc":{"Dur\u00e9e de lecture estim\u00e9e":"3 minutes"},"schema":{"@context":"https:\/\/schema.org","@graph":[{"@type":"WebPage","@id":"https:\/\/www.nicolasmarkou.com\/fr\/a-propos-2\/","url":"https:\/\/www.nicolasmarkou.com\/fr\/a-propos-2\/","name":"\u00c0 propos - Nicolas Markou","isPartOf":{"@id":"https:\/\/www.nicolasmarkou.com\/#website"},"datePublished":"2018-11-21T03:35:54+00:00","breadcrumb":{"@id":"https:\/\/www.nicolasmarkou.com\/fr\/a-propos-2\/#breadcrumb"},"inLanguage":"fr-FR","potentialAction":[{"@type":"ReadAction","target":["https:\/\/www.nicolasmarkou.com\/fr\/a-propos-2\/"]}]},{"@type":"BreadcrumbList","@id":"https:\/\/www.nicolasmarkou.com\/fr\/a-propos-2\/#breadcrumb","itemListElement":[{"@type":"ListItem","position":1,"name":"Home","item":"https:\/\/www.nicolasmarkou.com\/fr\/"},{"@type":"ListItem","position":2,"name":"\u00c0 propos"}]},{"@type":"WebSite","@id":"https:\/\/www.nicolasmarkou.com\/#website","url":"https:\/\/www.nicolasmarkou.com\/","name":"Nicolas Markou","description":"Tailored Real Estate","potentialAction":[{"@type":"SearchAction","target":{"@type":"EntryPoint","urlTemplate":"https:\/\/www.nicolasmarkou.com\/?s={search_term_string}"},"query-input":{"@type":"PropertyValueSpecification","valueRequired":true,"valueName":"search_term_string"}}],"inLanguage":"fr-FR"}]}},"_links":{"self":[{"href":"https:\/\/www.nicolasmarkou.com\/fr\/wp-json\/wp\/v2\/pages\/1023","targetHints":{"allow":["GET"]}}],"collection":[{"href":"https:\/\/www.nicolasmarkou.com\/fr\/wp-json\/wp\/v2\/pages"}],"about":[{"href":"https:\/\/www.nicolasmarkou.com\/fr\/wp-json\/wp\/v2\/types\/page"}],"author":[{"embeddable":true,"href":"https:\/\/www.nicolasmarkou.com\/fr\/wp-json\/wp\/v2\/users\/1"}],"replies":[{"embeddable":true,"href":"https:\/\/www.nicolasmarkou.com\/fr\/wp-json\/wp\/v2\/comments?post=1023"}],"version-history":[{"count":0,"href":"https:\/\/www.nicolasmarkou.com\/fr\/wp-json\/wp\/v2\/pages\/1023\/revisions"}],"wp:attachment":[{"href":"https:\/\/www.nicolasmarkou.com\/fr\/wp-json\/wp\/v2\/media?parent=1023"}],"curies":[{"name":"wp","href":"https:\/\/api.w.org\/{rel}","templated":true}]}}